{"id":1041,"date":"2020-07-13T15:13:10","date_gmt":"2020-07-13T15:13:10","guid":{"rendered":"https:\/\/www.digestivolarice.it\/?page_id=1041"},"modified":"2020-07-13T15:15:06","modified_gmt":"2020-07-13T15:15:06","slug":"formulaire-de-retractation","status":"publish","type":"page","link":"https:\/\/www.digestivolarice.it\/fr\/formulaire-de-retractation\/","title":{"rendered":"Formulaire de r\u00e9tractation"},"content":{"rendered":"\n  <div id=\"page-header-2020464416\" class=\"page-header-wrapper\">\n  <div class=\"page-title light divided-title\">\n\n    \n    <div class=\"page-title-inner container align-center text-center flex-row-col medium-flex-wrap\" >\n              <div class=\"title-wrapper flex-col\">\n          <h1 class=\"entry-title mb-0\">\n            Formulaire de r\u00e9tractation          <\/h1>\n        <\/div>\n                    <div class=\"title-content flex-col\">\n        <ul class=\"nav sm-touch-scroll nav-line nav-uppercase text-center nav-center\"><li class=\"nav-single-page hidden\"><\/li><\/ul>      <\/div>\n    <\/div>\n\n       <\/div>\n  <div class=\"container header-wrapper-divider\"><hr\/><\/div>  <\/div>\n  \n\n<div class=\"row\"  id=\"row-232437689\">\n\n\n\t<div id=\"col-952224517\" class=\"col small-12 large-12\"  >\n\t\t\t\t<div class=\"col-inner\"  >\n\t\t\t\n\t\t\t\n\n<p><strong>INFORMATIONS SUR LE DROIT DE R\u00c9TRACTATION<\/strong><\/p>\n<p>(aux termes de l\u2019art. 49, 4<sup>\u00e8me<\/sup>\u00a0alin\u00e9a, d\u00e9cret l\u00e9gislatif italien 21\/2014)<\/p>\n<p>Vous avez le droit de r\u00e9silier le contrat sans indiquer vos raisons dans les 14 jours qui suivent la date o\u00f9 vous avez achet\u00e9 les produits ou bien o\u00f9 un tiers (d\u00e9sign\u00e9 par vous) a effectu\u00e9 l\u2019achat.<\/p>\n<p>Pour exercer votre droit de r\u00e9tractation, vous devez nous informer de votre d\u00e9cision de r\u00e9silier la commande d\u2019achat en effectuant une d\u00e9claration dans les d\u00e9lais pr\u00e9vus, par courrier recommand\u00e9 avec accus\u00e9 de r\u00e9ception, \u00e0 l\u2019adresse suivante\u00a0:<\/p>\n<p><strong>Bureau rendus et remboursements<br \/>Digestivo LAR-ICE<br \/>Via Nazionale 212<br \/>10060 Fraz. Traverses \u2013 Pragelato (TO) \u2013 ITALIE<\/strong><\/p>\n<p>Dans ce but, vous pouvez remplir le formulaire de r\u00e9tractation en annexe ou effectuer une d\u00e9claration \u00e9crite explicite de votre intention de vouloir r\u00e9silier la commande, \u00e0 condition de l\u2019envoyer \u00e0 l\u2019adresse indiqu\u00e9e ci-dessus, en respectant les formes et les termes pr\u00e9vus.<\/p>\n<p>Le droit de r\u00e9tractation est exclu dans les cas suivants\u00a0:<br \/>\u2013 commande de produits de la part d\u2019un client non consommateur et\/ou ayant demand\u00e9 une facture\u00a0;<br \/>\u2013 commande de produits confectionn\u00e9s sur mesure ou personnalis\u00e9s\u00a0;<br \/>\u2013 commande de produits ouverts apr\u00e8s la livraison.<\/p>\n<p><strong>Effets de la r\u00e9tractation<\/strong><\/p>\n<p>Si vous r\u00e9siliez ce contrat (sauf dans les cas cit\u00e9s ci-dessus, o\u00f9 la r\u00e9tractation est exclue) tous les paiements effectu\u00e9s \u00e0 Digestivo LAR-ICE vous seront rembours\u00e9s, exception faite pour les frais de livraison \u00e9ventuels.<\/p>\n<p>Les remboursements seront effectu\u00e9s rapidement, dans tous les cas dans les 14 jours \u00e0 compter de la date \u00e0 laquelle nous aurons \u00e9t\u00e9 inform\u00e9s de votre d\u00e9cision de r\u00e9silier votre commande d\u2019achat, sans pr\u00e9judice de notre droit de suspendre le remboursement jusqu\u2019\u00e0 la r\u00e9ception des produits. Les remboursements seront effectu\u00e9s uniquement \u00e0 votre nom et avec le m\u00eame mode de paiement que celui que vous avez choisi pour la transaction initiale, sauf demande expresse de votre part.<\/p>\n<p>Pour le remboursement, vous serez contact\u00e9 par Digestivo LAR-ICE suite \u00e0 votre communication de r\u00e9tractation afin de concorder la remise des produits au courrier que nous vous indiquerons. Les produits devront \u00eatre rendus \u00e0 l\u2019int\u00e9rieur de la m\u00eame bo\u00eete dans laquelle ils auront \u00e9t\u00e9 re\u00e7us.<\/p>\n<p>Vous \u00eates responsable uniquement de la diminution de la valeur des biens caus\u00e9e par une manipulation diff\u00e9rente de celle qui est n\u00e9cessaire pour \u00e9tablir la nature, les caract\u00e9ristiques et le fonctionnement des biens.<\/p>\n<p>***<\/p>\n<p><strong>Formulaire type pour exercer le droit de r\u00e9tractation<br \/><\/strong>(aux termes de l\u2019art. 49, 1<sup>er<\/sup>\u00a0alin\u00e9a, lettre h), d\u00e9cret l\u00e9gislatif italien n\u00b0 21\/2014)<\/p>\n<p>\u00c0 l\u2019attention de<\/p>\n<p>Digestivo LAR-ICE<br \/>Via Nazionale 212<br \/>10060 Fraz. Traverses \u2013 Pragelato (TO)<\/p>\n<p>Par la pr\u00e9sente, je communique ma r\u00e9tractation pour la commande suivante\u00a0:<\/p>\n<p>\u2013 Commande n\u00b0__________________________ effectu\u00e9e le_____________ (et re\u00e7ue le ______________ )<\/p>\n<p>\u2013 Nom de la personne qui a effectu\u00e9 la commande:__________________________________________________<\/p>\n<p>\u2013 Adresse d\u2019exp\u00e9dition de la commande\u00a0:_______________________________________________________________<\/p>\n<p>_________________________________________________________________________________________________________<\/p>\n<p>\u2013 Coordonn\u00e9es bancaires pour le remboursement (\u00e0 remplir uniquement en cas de paiement effectu\u00e9 par virement bancaire ou de paiement \u00e0 la livraison)\u00a0: IBAN_______________________________________________________________________<\/p>\n<p>\u2013 BIC SWIFT ______________________________________________________________________________<\/p>\n<p>Date _______________________________<\/p>\n<p>Signature ______________________________<\/p>\n<p>\u00a0<\/p>\n\n\t\t<\/div>\n\t\t\t\t\t<\/div>\n\n\t\n\n<\/div>\n\n","protected":false},"excerpt":{"rendered":"","protected":false},"author":1,"featured_media":0,"parent":0,"menu_order":31,"comment_status":"closed","ping_status":"closed","template":"","meta":{"footnotes":""},"class_list":["post-1041","page","type-page","status-publish","hentry"],"jetpack_sharing_enabled":true,"_links":{"self":[{"href":"https:\/\/www.digestivolarice.it\/fr\/wp-json\/wp\/v2\/pages\/1041","targetHints":{"allow":["GET"]}}],"collection":[{"href":"https:\/\/www.digestivolarice.it\/fr\/wp-json\/wp\/v2\/pages"}],"about":[{"href":"https:\/\/www.digestivolarice.it\/fr\/wp-json\/wp\/v2\/types\/page"}],"author":[{"embeddable":true,"href":"https:\/\/www.digestivolarice.it\/fr\/wp-json\/wp\/v2\/users\/1"}],"replies":[{"embeddable":true,"href":"https:\/\/www.digestivolarice.it\/fr\/wp-json\/wp\/v2\/comments?post=1041"}],"version-history":[{"count":2,"href":"https:\/\/www.digestivolarice.it\/fr\/wp-json\/wp\/v2\/pages\/1041\/revisions"}],"predecessor-version":[{"id":1043,"href":"https:\/\/www.digestivolarice.it\/fr\/wp-json\/wp\/v2\/pages\/1041\/revisions\/1043"}],"wp:attachment":[{"href":"https:\/\/www.digestivolarice.it\/fr\/wp-json\/wp\/v2\/media?parent=1041"}],"curies":[{"name":"wp","href":"https:\/\/api.w.org\/{rel}","templated":true}]}}