{"id":677,"date":"2020-06-12T12:42:19","date_gmt":"2020-06-12T12:42:19","guid":{"rendered":"https:\/\/www.digestivolarice.it\/la-bottiglia\/"},"modified":"2020-07-09T12:17:04","modified_gmt":"2020-07-09T12:17:04","slug":"la-bouteille","status":"publish","type":"page","link":"https:\/\/www.digestivolarice.it\/fr\/la-bouteille\/","title":{"rendered":"La bouteille"},"content":{"rendered":"\n  <div id=\"page-header-1905865360\" class=\"page-header-wrapper\">\n  <div class=\"page-title light divided-title\">\n\n    \n    <div class=\"page-title-inner container align-center text-center flex-row-col medium-flex-wrap\" >\n              <div class=\"title-wrapper flex-col\">\n          <h1 class=\"entry-title mb-0\">\n            La bouteille          <\/h1>\n        <\/div>\n                    <div class=\"title-content flex-col\">\n        <ul class=\"nav sm-touch-scroll nav-line nav-uppercase text-center nav-center\"><li class=\"nav-single-page hidden\"><\/li><\/ul>      <\/div>\n    <\/div>\n\n       <\/div>\n  <div class=\"container header-wrapper-divider\"><hr\/><\/div>  <\/div>\n  \n\n<div class=\"slider-wrapper relative\" id=\"slider-491494147\" >\n    <div class=\"slider slider-nav-simple slider-nav-large slider-nav-dark slider-style-container slider-show-nav\"\n        data-flickity-options='{\n            \"cellAlign\": \"center\",\n            \"imagesLoaded\": true,\n            \"lazyLoad\": 1,\n            \"freeScroll\": false,\n            \"wrapAround\": true,\n            \"autoPlay\": 6000,\n            \"pauseAutoPlayOnHover\" : true,\n            \"prevNextButtons\": true,\n            \"contain\" : true,\n            \"adaptiveHeight\" : true,\n            \"dragThreshold\" : 10,\n            \"percentPosition\": true,\n            \"pageDots\": true,\n            \"rightToLeft\": false,\n            \"draggable\": true,\n            \"selectedAttraction\": 0.1,\n            \"parallax\" : 0,\n            \"friction\": 0.6        }'\n        >\n        \n\n\t<div class=\"img has-hover x md-x lg-x y md-y lg-y\" id=\"image_1834732212\">\n\t\t\t\t\t\t\t\t<div class=\"img-inner dark\" >\n\t\t\t<img loading=\"lazy\" decoding=\"async\" width=\"1000\" height=\"550\" src=\"https:\/\/i0.wp.com\/www.digestivolarice.it\/wp-content\/uploads\/2020\/06\/larice-bottiglia-01.jpg?fit=1000%2C550&amp;ssl=1\" class=\"attachment-large size-large\" alt=\"\" srcset=\"https:\/\/i0.wp.com\/www.digestivolarice.it\/wp-content\/uploads\/2020\/06\/larice-bottiglia-01.jpg?w=1000&amp;ssl=1 1000w, https:\/\/i0.wp.com\/www.digestivolarice.it\/wp-content\/uploads\/2020\/06\/larice-bottiglia-01.jpg?resize=246%2C135&amp;ssl=1 246w, https:\/\/i0.wp.com\/www.digestivolarice.it\/wp-content\/uploads\/2020\/06\/larice-bottiglia-01.jpg?resize=727%2C400&amp;ssl=1 727w, https:\/\/i0.wp.com\/www.digestivolarice.it\/wp-content\/uploads\/2020\/06\/larice-bottiglia-01.jpg?resize=768%2C422&amp;ssl=1 768w\" sizes=\"auto, (max-width: 1000px) 100vw, 1000px\" \/>\t\t\t\t\t\t\n\t\t\t\t\t<\/div>\n\t\t\t\t\t\t\t\t\n<style>\n#image_1834732212 {\n  width: 100%;\n}\n<\/style>\n\t<\/div>\n\t\n\n\t<div class=\"img has-hover x md-x lg-x y md-y lg-y\" id=\"image_1968901653\">\n\t\t\t\t\t\t\t\t<div class=\"img-inner dark\" >\n\t\t\t<img loading=\"lazy\" decoding=\"async\" width=\"1000\" height=\"550\" src=\"https:\/\/i0.wp.com\/www.digestivolarice.it\/wp-content\/uploads\/2020\/06\/larice-bottiglia-02.jpg?fit=1000%2C550&amp;ssl=1\" class=\"attachment-large size-large\" alt=\"\" srcset=\"https:\/\/i0.wp.com\/www.digestivolarice.it\/wp-content\/uploads\/2020\/06\/larice-bottiglia-02.jpg?w=1000&amp;ssl=1 1000w, https:\/\/i0.wp.com\/www.digestivolarice.it\/wp-content\/uploads\/2020\/06\/larice-bottiglia-02.jpg?resize=246%2C135&amp;ssl=1 246w, https:\/\/i0.wp.com\/www.digestivolarice.it\/wp-content\/uploads\/2020\/06\/larice-bottiglia-02.jpg?resize=727%2C400&amp;ssl=1 727w, https:\/\/i0.wp.com\/www.digestivolarice.it\/wp-content\/uploads\/2020\/06\/larice-bottiglia-02.jpg?resize=768%2C422&amp;ssl=1 768w\" sizes=\"auto, (max-width: 1000px) 100vw, 1000px\" \/>\t\t\t\t\t\t\n\t\t\t\t\t<\/div>\n\t\t\t\t\t\t\t\t\n<style>\n#image_1968901653 {\n  width: 100%;\n}\n<\/style>\n\t<\/div>\n\t\n\n\t<div class=\"img has-hover x md-x lg-x y md-y lg-y\" id=\"image_140656553\">\n\t\t\t\t\t\t\t\t<div class=\"img-inner dark\" >\n\t\t\t<img loading=\"lazy\" decoding=\"async\" width=\"1000\" height=\"550\" src=\"https:\/\/i0.wp.com\/www.digestivolarice.it\/wp-content\/uploads\/2020\/06\/larice-bottiglia-03.jpg?fit=1000%2C550&amp;ssl=1\" class=\"attachment-large size-large\" alt=\"\" srcset=\"https:\/\/i0.wp.com\/www.digestivolarice.it\/wp-content\/uploads\/2020\/06\/larice-bottiglia-03.jpg?w=1000&amp;ssl=1 1000w, https:\/\/i0.wp.com\/www.digestivolarice.it\/wp-content\/uploads\/2020\/06\/larice-bottiglia-03.jpg?resize=246%2C135&amp;ssl=1 246w, https:\/\/i0.wp.com\/www.digestivolarice.it\/wp-content\/uploads\/2020\/06\/larice-bottiglia-03.jpg?resize=727%2C400&amp;ssl=1 727w, https:\/\/i0.wp.com\/www.digestivolarice.it\/wp-content\/uploads\/2020\/06\/larice-bottiglia-03.jpg?resize=768%2C422&amp;ssl=1 768w\" sizes=\"auto, (max-width: 1000px) 100vw, 1000px\" \/>\t\t\t\t\t\t\n\t\t\t\t\t<\/div>\n\t\t\t\t\t\t\t\t\n<style>\n#image_140656553 {\n  width: 100%;\n}\n<\/style>\n\t<\/div>\n\t\n\n\t<div class=\"img has-hover x md-x lg-x y md-y lg-y\" id=\"image_180288999\">\n\t\t\t\t\t\t\t\t<div class=\"img-inner dark\" >\n\t\t\t<img loading=\"lazy\" decoding=\"async\" width=\"1000\" height=\"550\" src=\"https:\/\/i0.wp.com\/www.digestivolarice.it\/wp-content\/uploads\/2020\/06\/larice-bottiglia-04.jpg?fit=1000%2C550&amp;ssl=1\" class=\"attachment-large size-large\" alt=\"\" srcset=\"https:\/\/i0.wp.com\/www.digestivolarice.it\/wp-content\/uploads\/2020\/06\/larice-bottiglia-04.jpg?w=1000&amp;ssl=1 1000w, https:\/\/i0.wp.com\/www.digestivolarice.it\/wp-content\/uploads\/2020\/06\/larice-bottiglia-04.jpg?resize=246%2C135&amp;ssl=1 246w, https:\/\/i0.wp.com\/www.digestivolarice.it\/wp-content\/uploads\/2020\/06\/larice-bottiglia-04.jpg?resize=727%2C400&amp;ssl=1 727w, https:\/\/i0.wp.com\/www.digestivolarice.it\/wp-content\/uploads\/2020\/06\/larice-bottiglia-04.jpg?resize=768%2C422&amp;ssl=1 768w\" sizes=\"auto, (max-width: 1000px) 100vw, 1000px\" \/>\t\t\t\t\t\t\n\t\t\t\t\t<\/div>\n\t\t\t\t\t\t\t\t\n<style>\n#image_180288999 {\n  width: 100%;\n}\n<\/style>\n\t<\/div>\n\t\n\n\t<div class=\"img has-hover x md-x lg-x y md-y lg-y\" id=\"image_1116967117\">\n\t\t\t\t\t\t\t\t<div class=\"img-inner dark\" >\n\t\t\t<img loading=\"lazy\" decoding=\"async\" width=\"1000\" height=\"550\" src=\"https:\/\/i0.wp.com\/www.digestivolarice.it\/wp-content\/uploads\/2020\/06\/larice-bottiglia-05.jpg?fit=1000%2C550&amp;ssl=1\" class=\"attachment-large size-large\" alt=\"\" srcset=\"https:\/\/i0.wp.com\/www.digestivolarice.it\/wp-content\/uploads\/2020\/06\/larice-bottiglia-05.jpg?w=1000&amp;ssl=1 1000w, https:\/\/i0.wp.com\/www.digestivolarice.it\/wp-content\/uploads\/2020\/06\/larice-bottiglia-05.jpg?resize=246%2C135&amp;ssl=1 246w, https:\/\/i0.wp.com\/www.digestivolarice.it\/wp-content\/uploads\/2020\/06\/larice-bottiglia-05.jpg?resize=727%2C400&amp;ssl=1 727w, https:\/\/i0.wp.com\/www.digestivolarice.it\/wp-content\/uploads\/2020\/06\/larice-bottiglia-05.jpg?resize=768%2C422&amp;ssl=1 768w\" sizes=\"auto, (max-width: 1000px) 100vw, 1000px\" \/>\t\t\t\t\t\t\n\t\t\t\t\t<\/div>\n\t\t\t\t\t\t\t\t\n<style>\n#image_1116967117 {\n  width: 100%;\n}\n<\/style>\n\t<\/div>\n\t\n\n\n     <\/div>\n\n     <div class=\"loading-spin dark large centered\"><\/div>\n\n\t<\/div>\n\n\n<h2 class=\"lead\" style=\"text-align: center;\">Prestigieuses bouteilles en bois de m\u00e9l\u00e8ze num\u00e9rot\u00e9es ou personnalisables.<\/h2>\n\n  \n    <div class=\"row large-columns-1 medium-columns- small-columns- slider row-slider slider-nav-simple slider-nav-outside\"  data-flickity-options='{\"imagesLoaded\": true, \"groupCells\": \"100%\", \"dragThreshold\" : 5, \"cellAlign\": \"left\",\"wrapAround\": true,\"prevNextButtons\": true,\"percentPosition\": true,\"pageDots\": true, \"rightToLeft\": false, \"autoPlay\" : false}' >\n\n  <div class=\"gallery-col col\" >\n          <div class=\"col-inner\">\n            <a class=\"image-lightbox lightbox-gallery\" href=\"https:\/\/i0.wp.com\/www.digestivolarice.it\/wp-content\/uploads\/2020\/07\/larice-packaging01.jpg?ssl=1\" title=\"\">            <div class=\"box has-hover gallery-box box-overlay dark\">\n              <div class=\"box-image\" >\n                <img data-recalc-dims=\"1\" loading=\"lazy\" decoding=\"async\" width=\"775\" height=\"500\" src=\"https:\/\/i0.wp.com\/www.digestivolarice.it\/wp-content\/uploads\/2020\/07\/larice-packaging01.jpg?resize=775%2C500&#038;ssl=1\" class=\"attachment-original size-original\" alt=\"\" ids=\"668,669,670,671,672,673\" lightbox_image_size=\"original\" type=\"slider\" columns=\"1\" slider_nav_style=\"simple\" slider_nav_position=\"outside\" slider_bullets=\"true\" image_size=\"original\" srcset=\"https:\/\/i0.wp.com\/www.digestivolarice.it\/wp-content\/uploads\/2020\/07\/larice-packaging01.jpg?w=775&amp;ssl=1 775w, https:\/\/i0.wp.com\/www.digestivolarice.it\/wp-content\/uploads\/2020\/07\/larice-packaging01.jpg?resize=246%2C159&amp;ssl=1 246w, https:\/\/i0.wp.com\/www.digestivolarice.it\/wp-content\/uploads\/2020\/07\/larice-packaging01.jpg?resize=620%2C400&amp;ssl=1 620w, https:\/\/i0.wp.com\/www.digestivolarice.it\/wp-content\/uploads\/2020\/07\/larice-packaging01.jpg?resize=768%2C495&amp;ssl=1 768w\" sizes=\"auto, (max-width: 775px) 100vw, 775px\" \/>                                  <div class=\"overlay fill\"\n                      style=\"background-color: rgba(0,0,0,.15)\">\n                  <\/div>\n                                                              <\/div>\n              <div class=\"box-text text-left\" >\n                 <p><\/p>\n              <\/div>\n            <\/div>\n            <\/a>          <\/div>\n         <\/div><div class=\"gallery-col col\" >\n          <div class=\"col-inner\">\n            <a class=\"image-lightbox lightbox-gallery\" href=\"https:\/\/i0.wp.com\/www.digestivolarice.it\/wp-content\/uploads\/2020\/07\/larice-packaging02.jpg?ssl=1\" title=\"\">            <div class=\"box has-hover gallery-box box-overlay dark\">\n              <div class=\"box-image\" >\n                <img data-recalc-dims=\"1\" loading=\"lazy\" decoding=\"async\" width=\"775\" height=\"500\" src=\"https:\/\/i0.wp.com\/www.digestivolarice.it\/wp-content\/uploads\/2020\/07\/larice-packaging02.jpg?resize=775%2C500&#038;ssl=1\" class=\"attachment-original size-original\" alt=\"\" ids=\"668,669,670,671,672,673\" lightbox_image_size=\"original\" type=\"slider\" columns=\"1\" slider_nav_style=\"simple\" slider_nav_position=\"outside\" slider_bullets=\"true\" image_size=\"original\" srcset=\"https:\/\/i0.wp.com\/www.digestivolarice.it\/wp-content\/uploads\/2020\/07\/larice-packaging02.jpg?w=775&amp;ssl=1 775w, https:\/\/i0.wp.com\/www.digestivolarice.it\/wp-content\/uploads\/2020\/07\/larice-packaging02.jpg?resize=246%2C159&amp;ssl=1 246w, https:\/\/i0.wp.com\/www.digestivolarice.it\/wp-content\/uploads\/2020\/07\/larice-packaging02.jpg?resize=620%2C400&amp;ssl=1 620w, https:\/\/i0.wp.com\/www.digestivolarice.it\/wp-content\/uploads\/2020\/07\/larice-packaging02.jpg?resize=768%2C495&amp;ssl=1 768w\" sizes=\"auto, (max-width: 775px) 100vw, 775px\" \/>                                  <div class=\"overlay fill\"\n                      style=\"background-color: rgba(0,0,0,.15)\">\n                  <\/div>\n                                                              <\/div>\n              <div class=\"box-text text-left\" >\n                 <p><\/p>\n              <\/div>\n            <\/div>\n            <\/a>          <\/div>\n         <\/div><div class=\"gallery-col col\" >\n          <div class=\"col-inner\">\n            <a class=\"image-lightbox lightbox-gallery\" href=\"https:\/\/i0.wp.com\/www.digestivolarice.it\/wp-content\/uploads\/2020\/07\/larice-packaging03.jpg?ssl=1\" title=\"\">            <div class=\"box has-hover gallery-box box-overlay dark\">\n              <div class=\"box-image\" >\n                <img data-recalc-dims=\"1\" loading=\"lazy\" decoding=\"async\" width=\"775\" height=\"500\" src=\"https:\/\/i0.wp.com\/www.digestivolarice.it\/wp-content\/uploads\/2020\/07\/larice-packaging03.jpg?resize=775%2C500&#038;ssl=1\" class=\"attachment-original size-original\" alt=\"\" ids=\"668,669,670,671,672,673\" lightbox_image_size=\"original\" type=\"slider\" columns=\"1\" slider_nav_style=\"simple\" slider_nav_position=\"outside\" slider_bullets=\"true\" image_size=\"original\" srcset=\"https:\/\/i0.wp.com\/www.digestivolarice.it\/wp-content\/uploads\/2020\/07\/larice-packaging03.jpg?w=775&amp;ssl=1 775w, https:\/\/i0.wp.com\/www.digestivolarice.it\/wp-content\/uploads\/2020\/07\/larice-packaging03.jpg?resize=246%2C159&amp;ssl=1 246w, https:\/\/i0.wp.com\/www.digestivolarice.it\/wp-content\/uploads\/2020\/07\/larice-packaging03.jpg?resize=620%2C400&amp;ssl=1 620w, https:\/\/i0.wp.com\/www.digestivolarice.it\/wp-content\/uploads\/2020\/07\/larice-packaging03.jpg?resize=768%2C495&amp;ssl=1 768w\" sizes=\"auto, (max-width: 775px) 100vw, 775px\" \/>                                  <div class=\"overlay fill\"\n                      style=\"background-color: rgba(0,0,0,.15)\">\n                  <\/div>\n                                                              <\/div>\n              <div class=\"box-text text-left\" >\n                 <p><\/p>\n              <\/div>\n            <\/div>\n            <\/a>          <\/div>\n         <\/div><div class=\"gallery-col col\" >\n          <div class=\"col-inner\">\n            <a class=\"image-lightbox lightbox-gallery\" href=\"https:\/\/i0.wp.com\/www.digestivolarice.it\/wp-content\/uploads\/2020\/07\/larice-packaging04.jpg?ssl=1\" title=\"\">            <div class=\"box has-hover gallery-box box-overlay dark\">\n              <div class=\"box-image\" >\n                <img data-recalc-dims=\"1\" loading=\"lazy\" decoding=\"async\" width=\"775\" height=\"500\" src=\"https:\/\/i0.wp.com\/www.digestivolarice.it\/wp-content\/uploads\/2020\/07\/larice-packaging04.jpg?resize=775%2C500&#038;ssl=1\" class=\"attachment-original size-original\" alt=\"\" ids=\"668,669,670,671,672,673\" lightbox_image_size=\"original\" type=\"slider\" columns=\"1\" slider_nav_style=\"simple\" slider_nav_position=\"outside\" slider_bullets=\"true\" image_size=\"original\" srcset=\"https:\/\/i0.wp.com\/www.digestivolarice.it\/wp-content\/uploads\/2020\/07\/larice-packaging04.jpg?w=775&amp;ssl=1 775w, https:\/\/i0.wp.com\/www.digestivolarice.it\/wp-content\/uploads\/2020\/07\/larice-packaging04.jpg?resize=246%2C159&amp;ssl=1 246w, https:\/\/i0.wp.com\/www.digestivolarice.it\/wp-content\/uploads\/2020\/07\/larice-packaging04.jpg?resize=620%2C400&amp;ssl=1 620w, https:\/\/i0.wp.com\/www.digestivolarice.it\/wp-content\/uploads\/2020\/07\/larice-packaging04.jpg?resize=768%2C495&amp;ssl=1 768w\" sizes=\"auto, (max-width: 775px) 100vw, 775px\" \/>                                  <div class=\"overlay fill\"\n                      style=\"background-color: rgba(0,0,0,.15)\">\n                  <\/div>\n                                                              <\/div>\n              <div class=\"box-text text-left\" >\n                 <p><\/p>\n              <\/div>\n            <\/div>\n            <\/a>          <\/div>\n         <\/div><div class=\"gallery-col col\" >\n          <div class=\"col-inner\">\n            <a class=\"image-lightbox lightbox-gallery\" href=\"https:\/\/i0.wp.com\/www.digestivolarice.it\/wp-content\/uploads\/2020\/07\/larice-packaging05.jpg?ssl=1\" title=\"\">            <div class=\"box has-hover gallery-box box-overlay dark\">\n              <div class=\"box-image\" >\n                <img data-recalc-dims=\"1\" loading=\"lazy\" decoding=\"async\" width=\"775\" height=\"500\" src=\"https:\/\/i0.wp.com\/www.digestivolarice.it\/wp-content\/uploads\/2020\/07\/larice-packaging05.jpg?resize=775%2C500&#038;ssl=1\" class=\"attachment-original size-original\" alt=\"\" ids=\"668,669,670,671,672,673\" lightbox_image_size=\"original\" type=\"slider\" columns=\"1\" slider_nav_style=\"simple\" slider_nav_position=\"outside\" slider_bullets=\"true\" image_size=\"original\" srcset=\"https:\/\/i0.wp.com\/www.digestivolarice.it\/wp-content\/uploads\/2020\/07\/larice-packaging05.jpg?w=775&amp;ssl=1 775w, https:\/\/i0.wp.com\/www.digestivolarice.it\/wp-content\/uploads\/2020\/07\/larice-packaging05.jpg?resize=246%2C159&amp;ssl=1 246w, https:\/\/i0.wp.com\/www.digestivolarice.it\/wp-content\/uploads\/2020\/07\/larice-packaging05.jpg?resize=620%2C400&amp;ssl=1 620w, https:\/\/i0.wp.com\/www.digestivolarice.it\/wp-content\/uploads\/2020\/07\/larice-packaging05.jpg?resize=768%2C495&amp;ssl=1 768w\" sizes=\"auto, (max-width: 775px) 100vw, 775px\" \/>                                  <div class=\"overlay fill\"\n                      style=\"background-color: rgba(0,0,0,.15)\">\n                  <\/div>\n                                                              <\/div>\n              <div class=\"box-text text-left\" >\n                 <p><\/p>\n              <\/div>\n            <\/div>\n            <\/a>          <\/div>\n         <\/div><div class=\"gallery-col col\" >\n          <div class=\"col-inner\">\n            <a class=\"image-lightbox lightbox-gallery\" href=\"https:\/\/i0.wp.com\/www.digestivolarice.it\/wp-content\/uploads\/2020\/07\/larice-packaging06.jpg?ssl=1\" title=\"\">            <div class=\"box has-hover gallery-box box-overlay dark\">\n              <div class=\"box-image\" >\n                <img data-recalc-dims=\"1\" loading=\"lazy\" decoding=\"async\" width=\"775\" height=\"500\" src=\"https:\/\/i0.wp.com\/www.digestivolarice.it\/wp-content\/uploads\/2020\/07\/larice-packaging06.jpg?resize=775%2C500&#038;ssl=1\" class=\"attachment-original size-original\" alt=\"\" ids=\"668,669,670,671,672,673\" lightbox_image_size=\"original\" type=\"slider\" columns=\"1\" slider_nav_style=\"simple\" slider_nav_position=\"outside\" slider_bullets=\"true\" image_size=\"original\" srcset=\"https:\/\/i0.wp.com\/www.digestivolarice.it\/wp-content\/uploads\/2020\/07\/larice-packaging06.jpg?w=775&amp;ssl=1 775w, https:\/\/i0.wp.com\/www.digestivolarice.it\/wp-content\/uploads\/2020\/07\/larice-packaging06.jpg?resize=246%2C159&amp;ssl=1 246w, https:\/\/i0.wp.com\/www.digestivolarice.it\/wp-content\/uploads\/2020\/07\/larice-packaging06.jpg?resize=620%2C400&amp;ssl=1 620w, https:\/\/i0.wp.com\/www.digestivolarice.it\/wp-content\/uploads\/2020\/07\/larice-packaging06.jpg?resize=768%2C495&amp;ssl=1 768w\" sizes=\"auto, (max-width: 775px) 100vw, 775px\" \/>                                  <div class=\"overlay fill\"\n                      style=\"background-color: rgba(0,0,0,.15)\">\n                  <\/div>\n                                                              <\/div>\n              <div class=\"box-text text-left\" >\n                 <p><\/p>\n              <\/div>\n            <\/div>\n            <\/a>          <\/div>\n         <\/div><\/div>\n\n\n","protected":false},"excerpt":{"rendered":"<p>Prestigieuses bouteilles en bois de m\u00e9l\u00e8ze num\u00e9rot\u00e9es ou personnalisables.<\/p>\n","protected":false},"author":1,"featured_media":0,"parent":0,"menu_order":8,"comment_status":"closed","ping_status":"closed","template":"page-blank.php","meta":{"footnotes":""},"class_list":["post-677","page","type-page","status-publish","hentry"],"jetpack_sharing_enabled":true,"_links":{"self":[{"href":"https:\/\/www.digestivolarice.it\/fr\/wp-json\/wp\/v2\/pages\/677","targetHints":{"allow":["GET"]}}],"collection":[{"href":"https:\/\/www.digestivolarice.it\/fr\/wp-json\/wp\/v2\/pages"}],"about":[{"href":"https:\/\/www.digestivolarice.it\/fr\/wp-json\/wp\/v2\/types\/page"}],"author":[{"embeddable":true,"href":"https:\/\/www.digestivolarice.it\/fr\/wp-json\/wp\/v2\/users\/1"}],"replies":[{"embeddable":true,"href":"https:\/\/www.digestivolarice.it\/fr\/wp-json\/wp\/v2\/comments?post=677"}],"version-history":[{"count":2,"href":"https:\/\/www.digestivolarice.it\/fr\/wp-json\/wp\/v2\/pages\/677\/revisions"}],"predecessor-version":[{"id":681,"href":"https:\/\/www.digestivolarice.it\/fr\/wp-json\/wp\/v2\/pages\/677\/revisions\/681"}],"wp:attachment":[{"href":"https:\/\/www.digestivolarice.it\/fr\/wp-json\/wp\/v2\/media?parent=677"}],"curies":[{"name":"wp","href":"https:\/\/api.w.org\/{rel}","templated":true}]}}