{"id":693,"date":"2020-06-12T12:53:15","date_gmt":"2020-06-12T12:53:15","guid":{"rendered":"https:\/\/www.digestivolarice.it\/la-linfa-e-la-resina\/"},"modified":"2020-07-10T18:28:12","modified_gmt":"2020-07-10T18:28:12","slug":"la-seve-et-la-resine","status":"publish","type":"page","link":"https:\/\/www.digestivolarice.it\/fr\/le-meleze\/la-seve-et-la-resine\/","title":{"rendered":"La s\u00e8ve \u00e9labor\u00e9e, la r\u00e9sine et la chlorophylle"},"content":{"rendered":"\n  <div id=\"page-header-1840074386\" class=\"page-header-wrapper\">\n  <div class=\"page-title light divided-title\">\n\n    \n    <div class=\"page-title-inner container align-center text-center flex-row-col medium-flex-wrap\" >\n              <div class=\"title-wrapper flex-col\">\n          <h1 class=\"entry-title mb-0\">\n            La s\u00e8ve \u00e9labor\u00e9e, la r\u00e9sine et la chlorophylle          <\/h1>\n        <\/div>\n                    <div class=\"title-content flex-col\">\n        <ul class=\"nav sm-touch-scroll nav-line nav-uppercase text-center nav-center\"><li class=\"nav-single-page hidden\"><\/li><\/ul>      <\/div>\n    <\/div>\n\n       <\/div>\n  <div class=\"container header-wrapper-divider\"><hr\/><\/div>  <\/div>\n  \n\n<div class=\"row\"  id=\"row-979636855\">\n\n\n\t<div id=\"col-2116936524\" class=\"col small-12 large-12\"  >\n\t\t\t\t<div class=\"col-inner\"  >\n\t\t\t\n\t\t\t\n\n<p><strong>La s\u00e8ve \u00e9labor\u00e9e, la r\u00e9sine et la chlorophylle <\/strong>sont les substances dont d\u00e9rivent les essences, les ar\u00f4mes nobles et la couleur qui font notre digestif.<\/p>\n<p><strong>La s\u00e8ve \u00e9labor\u00e9e<\/strong>: l\u2019arbre absorbe l\u2019eau et les sels min\u00e9raux par les racines, donnant ainsi naissance \u00e0 la s\u00e8ve brute, qui monte jusqu\u2019aux petites feuilles en forme d\u2019aiguille.<br \/>\u00c0 l\u2019int\u00e9rieur des feuilles, qui repr\u00e9sentent le laboratoire chimique de l\u2019arbre, la s\u00e8ve brute s\u2019enrichit de sucres et de substances organiques gr\u00e2ce \u00e0 la photosynth\u00e8se. La nouvelle s\u00e8ve qui se cr\u00e9e ainsi est appel\u00e9e s\u00e8ve \u00e9labor\u00e9e: elle est ensuite distribu\u00e9e dans l\u2019ensemble de l\u2019arbre pour le nourrir.<br \/>Dans le tronc, il est possible de s\u00e9parer la s\u00e8ve brute de la s\u00e8ve \u00e9labor\u00e9e; la s\u00e8ve brute passe par les vaisseaux du \u201c<strong>xyl\u00e8me<\/strong>\u201d, dans le <strong>\u201cbois<\/strong>\u201d, alors que la s\u00e8ve \u00e9labor\u00e9e circule dans les vaisseaux du \u201c<strong>phlo\u00e8me<\/strong>\u201d, dans la couche appel\u00e9e \u201c<strong>liber<\/strong>\u201d.<br \/><strong>La s\u00e8ve \u00e9labor\u00e9e est la mati\u00e8re premi\u00e8re principale qui donne tout son parfum \u00e0 notre digestif.<\/strong><\/p>\n<p><strong>La r\u00e9sine v\u00e9g\u00e9tale<\/strong> est fluide. Produite dans les feuilles, \u00e0 l\u2019int\u00e9rieur du phlo\u00e8me et dans \u201c<strong>l\u2019\u00e9corce\u201d<\/strong>, elle contient de nombreuses substances organiques, dont on obtient les huiles essentielles pour la distillation.<br \/>Avant d\u2019\u00eatre incorpor\u00e9s \u00e0 notre digestif, les huiles sont soumises \u00e0 un proc\u00e9d\u00e9 long et soign\u00e9. Apr\u00e8s plusieurs centrifugations, le compos\u00e9 ainsi obtenu est savamment filtr\u00e9, pour aboutir au \u201cc\u0153ur de l\u2019huile\u201d. Cela vise \u00e0 \u00e9purer les huiles \u00e0 90%, conservant la partie essentielle de l\u2019ar\u00f4me et les rendant parfaitement solubles dans l\u2019infusion hydro-alcoolique.<br \/><strong>C\u2019est la r\u00e9sine qui exalte la saveur balsamique et longue en bouche de notre digestif.<\/strong><\/p>\n<p><strong>La chlorophylle<\/strong> est contenue dans les chloroplastes situ\u00e9s \u00e0 l\u2019int\u00e9rieur des microphylles, les feuilles en forme d\u2019aiguille pr\u00e9sentes sur les branches du m\u00e9l\u00e8ze. La chlorophylle donne leur couleur verte aux tissus photo-synth\u00e9tisants de l\u2019arbre.<br \/><strong>C\u2019est la chlorophylle qui conf\u00e8re \u00e0 notre digestif sa couleur verte si particuli\u00e8re.<\/strong><\/p>\n\n\t\t<\/div>\n\t\t\t\t\t<\/div>\n\n\t\n\n<\/div>\n<div class=\"row\"  id=\"row-1971235480\">\n\n\n\t<div id=\"col-1580085951\" class=\"col medium-3 small-12 large-3\"  >\n\t\t\t\t<div class=\"col-inner\"  >\n\t\t\t\n\t\t\t\n\n\n\t\t<\/div>\n\t\t\t\t\t<\/div>\n\n\t\n\n\t<div id=\"col-722899659\" class=\"col medium-6 small-12 large-6\"  >\n\t\t\t\t<div class=\"col-inner text-center\"  >\n\t\t\t\n\t\t\t\n\n\t<div class=\"img has-hover x md-x lg-x y md-y lg-y\" id=\"image_906655624\">\n\t\t\t\t\t\t\t\t<div class=\"img-inner dark\" >\n\t\t\t<img loading=\"lazy\" decoding=\"async\" width=\"600\" height=\"470\" src=\"https:\/\/i0.wp.com\/www.digestivolarice.it\/wp-content\/uploads\/2020\/07\/larice-linfa-resina-fr.jpg?fit=600%2C470&amp;ssl=1\" class=\"attachment-large size-large\" alt=\"\" srcset=\"https:\/\/i0.wp.com\/www.digestivolarice.it\/wp-content\/uploads\/2020\/07\/larice-linfa-resina-fr.jpg?w=600&amp;ssl=1 600w, https:\/\/i0.wp.com\/www.digestivolarice.it\/wp-content\/uploads\/2020\/07\/larice-linfa-resina-fr.jpg?resize=246%2C193&amp;ssl=1 246w, https:\/\/i0.wp.com\/www.digestivolarice.it\/wp-content\/uploads\/2020\/07\/larice-linfa-resina-fr.jpg?resize=511%2C400&amp;ssl=1 511w\" sizes=\"auto, (max-width: 600px) 100vw, 600px\" \/>\t\t\t\t\t\t\n\t\t\t\t\t<\/div>\n\t\t\t\t\t\t\t\t\n<style>\n#image_906655624 {\n  width: 100%;\n}\n<\/style>\n\t<\/div>\n\t\n\n\n\t\t<\/div>\n\t\t\t\t\t<\/div>\n\n\t\n\n\t<div id=\"col-2102536444\" class=\"col medium-3 small-12 large-3\"  >\n\t\t\t\t<div class=\"col-inner\"  >\n\t\t\t\n\t\t\t\n\n\n\t\t<\/div>\n\t\t\t\t\t<\/div>\n\n\t\n\n<\/div>\n\n","protected":false},"excerpt":{"rendered":"","protected":false},"author":1,"featured_media":0,"parent":701,"menu_order":1,"comment_status":"closed","ping_status":"closed","template":"","meta":{"footnotes":""},"class_list":["post-693","page","type-page","status-publish","hentry"],"jetpack_sharing_enabled":true,"_links":{"self":[{"href":"https:\/\/www.digestivolarice.it\/fr\/wp-json\/wp\/v2\/pages\/693","targetHints":{"allow":["GET"]}}],"collection":[{"href":"https:\/\/www.digestivolarice.it\/fr\/wp-json\/wp\/v2\/pages"}],"about":[{"href":"https:\/\/www.digestivolarice.it\/fr\/wp-json\/wp\/v2\/types\/page"}],"author":[{"embeddable":true,"href":"https:\/\/www.digestivolarice.it\/fr\/wp-json\/wp\/v2\/users\/1"}],"replies":[{"embeddable":true,"href":"https:\/\/www.digestivolarice.it\/fr\/wp-json\/wp\/v2\/comments?post=693"}],"version-history":[{"count":5,"href":"https:\/\/www.digestivolarice.it\/fr\/wp-json\/wp\/v2\/pages\/693\/revisions"}],"predecessor-version":[{"id":973,"href":"https:\/\/www.digestivolarice.it\/fr\/wp-json\/wp\/v2\/pages\/693\/revisions\/973"}],"up":[{"embeddable":true,"href":"https:\/\/www.digestivolarice.it\/fr\/wp-json\/wp\/v2\/pages\/701"}],"wp:attachment":[{"href":"https:\/\/www.digestivolarice.it\/fr\/wp-json\/wp\/v2\/media?parent=693"}],"curies":[{"name":"wp","href":"https:\/\/api.w.org\/{rel}","templated":true}]}}