{"id":945,"date":"2020-05-15T10:15:15","date_gmt":"2020-05-15T10:15:15","guid":{"rendered":"https:\/\/www.digestivolarice.it\/home\/"},"modified":"2020-09-16T16:03:08","modified_gmt":"2020-09-16T14:03:08","slug":"home","status":"publish","type":"page","link":"https:\/\/www.digestivolarice.it\/fr\/","title":{"rendered":"Accueil"},"content":{"rendered":"\n\t<section class=\"section has-parallax\" id=\"section_32033049\">\n\t\t<div class=\"bg section-bg fill bg-fill  \" data-parallax-container=\".section\" data-parallax-background data-parallax=\"-10\">\n\n\t\t\t\n\t\t\t\n\t\t\t\n\n\t\t<\/div>\n\n\t\t\n\n\t\t<div class=\"section-content relative\">\n\t\t\t\n\n  <div class=\"banner-grid-wrapper\">\n  <div id=\"banner-grid-185260375\" class=\"banner-grid row row-grid row-small\" data-packery-options=\"\">\n                      \n\n<div class=\"col grid-col large-6 grid-col-1\" ><div class=\"col-inner\">\n\n<div class=\"slider-wrapper relative\" id=\"slider-889357259\" >\n    <div class=\"slider slider-nav-circle slider-nav-large slider-nav-light slider-style-normal\"\n        data-flickity-options='{\n            \"cellAlign\": \"center\",\n            \"imagesLoaded\": true,\n            \"lazyLoad\": 1,\n            \"freeScroll\": false,\n            \"wrapAround\": true,\n            \"autoPlay\": 6000,\n            \"pauseAutoPlayOnHover\" : true,\n            \"prevNextButtons\": true,\n            \"contain\" : true,\n            \"adaptiveHeight\" : true,\n            \"dragThreshold\" : 10,\n            \"percentPosition\": true,\n            \"pageDots\": true,\n            \"rightToLeft\": false,\n            \"draggable\": true,\n            \"selectedAttraction\": 0.1,\n            \"parallax\" : 0,\n            \"friction\": 0.6        }'\n        >\n        \n\n\t<div class=\"img has-hover x md-x lg-x y md-y lg-y\" id=\"image_297150919\">\n\t\t\t\t\t\t\t\t<div class=\"img-inner dark\" >\n\t\t\t<img loading=\"lazy\" decoding=\"async\" width=\"540\" height=\"600\" src=\"https:\/\/i0.wp.com\/www.digestivolarice.it\/wp-content\/uploads\/2020\/06\/larice-feice.jpg?fit=540%2C600&amp;ssl=1\" class=\"attachment-large size-large\" alt=\"\" srcset=\"https:\/\/i0.wp.com\/www.digestivolarice.it\/wp-content\/uploads\/2020\/06\/larice-feice.jpg?w=540&amp;ssl=1 540w, https:\/\/i0.wp.com\/www.digestivolarice.it\/wp-content\/uploads\/2020\/06\/larice-feice.jpg?resize=246%2C273&amp;ssl=1 246w, https:\/\/i0.wp.com\/www.digestivolarice.it\/wp-content\/uploads\/2020\/06\/larice-feice.jpg?resize=360%2C400&amp;ssl=1 360w\" sizes=\"auto, (max-width: 540px) 100vw, 540px\" \/>\t\t\t\t\t\t\n\t\t\t\t\t<\/div>\n\t\t\t\t\t\t\t\t\n<style>\n#image_297150919 {\n  width: 100%;\n}\n<\/style>\n\t<\/div>\n\t\n\n\t<div class=\"img has-hover x md-x lg-x y md-y lg-y\" id=\"image_223253771\">\n\t\t\t\t\t\t\t\t<div class=\"img-inner dark\" >\n\t\t\t<img loading=\"lazy\" decoding=\"async\" width=\"540\" height=\"600\" src=\"https:\/\/i0.wp.com\/www.digestivolarice.it\/wp-content\/uploads\/2020\/06\/larice-abbraccio-1.jpg?fit=540%2C600&amp;ssl=1\" class=\"attachment-large size-large\" alt=\"\" srcset=\"https:\/\/i0.wp.com\/www.digestivolarice.it\/wp-content\/uploads\/2020\/06\/larice-abbraccio-1.jpg?w=540&amp;ssl=1 540w, https:\/\/i0.wp.com\/www.digestivolarice.it\/wp-content\/uploads\/2020\/06\/larice-abbraccio-1.jpg?resize=246%2C273&amp;ssl=1 246w, https:\/\/i0.wp.com\/www.digestivolarice.it\/wp-content\/uploads\/2020\/06\/larice-abbraccio-1.jpg?resize=360%2C400&amp;ssl=1 360w\" sizes=\"auto, (max-width: 540px) 100vw, 540px\" \/>\t\t\t\t\t\t\n\t\t\t\t\t<\/div>\n\t\t\t\t\t\t\t\t\n<style>\n#image_223253771 {\n  width: 100%;\n}\n<\/style>\n\t<\/div>\n\t\n\n\t<div class=\"img has-hover x md-x lg-x y md-y lg-y\" id=\"image_1345037880\">\n\t\t\t\t\t\t\t\t<div class=\"img-inner dark\" >\n\t\t\t<img loading=\"lazy\" decoding=\"async\" width=\"540\" height=\"600\" src=\"https:\/\/i0.wp.com\/www.digestivolarice.it\/wp-content\/uploads\/2020\/06\/larice-bacio.jpg?fit=540%2C600&amp;ssl=1\" class=\"attachment-large size-large\" alt=\"\" srcset=\"https:\/\/i0.wp.com\/www.digestivolarice.it\/wp-content\/uploads\/2020\/06\/larice-bacio.jpg?w=540&amp;ssl=1 540w, https:\/\/i0.wp.com\/www.digestivolarice.it\/wp-content\/uploads\/2020\/06\/larice-bacio.jpg?resize=246%2C273&amp;ssl=1 246w, https:\/\/i0.wp.com\/www.digestivolarice.it\/wp-content\/uploads\/2020\/06\/larice-bacio.jpg?resize=360%2C400&amp;ssl=1 360w\" sizes=\"auto, (max-width: 540px) 100vw, 540px\" \/>\t\t\t\t\t\t\n\t\t\t\t\t<\/div>\n\t\t\t\t\t\t\t\t\n<style>\n#image_1345037880 {\n  width: 100%;\n}\n<\/style>\n\t<\/div>\n\t\n\n\n     <\/div>\n\n     <div class=\"loading-spin dark large centered\"><\/div>\n\n\t<\/div>\n\n\n\n<\/div><\/div>\n<div class=\"col grid-col large-3 grid-col-1\" ><div class=\"col-inner\">\n\n\n  <div class=\"banner has-hover\" id=\"banner-424829640\">\n          <div class=\"banner-inner fill\">\n        <div class=\"banner-bg fill\" >\n            <div class=\"bg fill bg-fill \"><\/div>\n                                    \n                    <\/div>\n\t\t\n        <div class=\"banner-layers container\">\n            <div class=\"fill banner-link\"><\/div>            \n\n   <div id=\"text-box-960376032\" class=\"text-box banner-layer x50 md-x50 lg-x50 y50 md-y50 lg-y50 res-text\">\n                                <div class=\"text-box-content text \">\n              \n              <div class=\"text-inner text-center\">\n                  \n\n<p>\u00c0 la main, nous effectuons l\u2019extraction de la s\u00e8ve \u00e9labor\u00e9e, la r\u00e9sine et la chlorophylle \u00a0une seule fois par an, en plein \u00e9t\u00e9, dans nos bois situ\u00e9s au-dessus de 1600 m\u00e8tres, dans le haut Val Chisone, en face du Parc naturel du Val Troncea, <br \/>Apr\u00e8s une distillation aussi longue que laborieuse, ces mati\u00e8res premi\u00e8res pr\u00e9cieuses et rares sont infus\u00e9es \u00e0 froid, ainsi que l\u2019impose l\u2019ancienne tradition, devenant ainsi un <strong>digestif unique<\/strong> de tr\u00e8s haute qualit\u00e9, <br \/>conserv\u00e9 dans de prestigieuses bouteilles en bois de m\u00e9l\u00e8ze.<\/p>\n\n              <\/div>\n           <\/div>\n                            \n<style>\n#text-box-960376032 {\n  width: 95%;\n}\n#text-box-960376032 .text-box-content {\n  font-size: 212%;\n}\n<\/style>\n    <\/div>\n \n\n        <\/div>\n      <\/div>\n\n            \n<style>\n#banner-424829640 {\n  padding-top: 500px;\n  background-color: rgb(255,255,255);\n}\n<\/style>\n  <\/div>\n\n\n\n<\/div><\/div>\n<div class=\"col grid-col large-3 grid-col-1\" ><div class=\"col-inner\">\n\n\n  <div class=\"banner has-hover\" id=\"banner-1639488404\">\n          <div class=\"banner-inner fill\">\n        <div class=\"banner-bg fill\" >\n            <div class=\"bg fill bg-fill \"><\/div>\n                        <div class=\"overlay\"><\/div>            \n                    <\/div>\n\t\t\n        <div class=\"banner-layers container\">\n            <div class=\"fill banner-link\"><\/div>            \n\n   <div id=\"text-box-1687213455\" class=\"text-box banner-layer x95 md-x95 lg-x95 y10 md-y10 lg-y10 res-text\">\n                                <div class=\"text-box-content text \">\n              \n              <div class=\"text-inner text-right\">\n                  \n\n<h2 class=\"uppercase\"><strong>LARITONIC<\/strong><\/h2>\n<h3>Une nouvelle fa\u00e7on de boire notre digestif<\/h3>\n<a href=\"\/conseil\" class=\"button primary\"  >\n    <span>D\u00e9couvrir<\/span>\n  <\/a>\n\n\n\n              <\/div>\n           <\/div>\n                            \n<style>\n#text-box-1687213455 {\n  width: 60%;\n}\n#text-box-1687213455 .text-box-content {\n  font-size: 181%;\n}\n@media (min-width:550px) {\n  #text-box-1687213455 {\n    width: 88%;\n  }\n}\n<\/style>\n    <\/div>\n \n\n        <\/div>\n      <\/div>\n\n            \n<style>\n#banner-1639488404 {\n  padding-top: 600px;\n  background-color: rgb(255, 255, 255);\n}\n#banner-1639488404 .bg.bg-loaded {\n  background-image: url(https:\/\/i0.wp.com\/www.digestivolarice.it\/wp-content\/uploads\/2020\/07\/laritonic-anteprima.jpg?fit=273%2C400&ssl=1);\n}\n#banner-1639488404 .overlay {\n  background-color: rgba(190, 190, 190, 0.2);\n}\n#banner-1639488404 .bg {\n  background-position: 31% 13%;\n}\n<\/style>\n  <\/div>\n\n\n\n<\/div><\/div>\n\n            <\/div>\n    <style>\n    #banner-grid-185260375 .grid-col-1{height: 600px}\n    #banner-grid-185260375 .grid-col-1-2{height: 300px}\n    #banner-grid-185260375 .grid-col-1-3{height:200px}\n    #banner-grid-185260375 .grid-col-2-3{height: 400px}\n    #banner-grid-185260375 .grid-col-1-4{height: 150px}\n    #banner-grid-185260375 .grid-col-3-4{height: 450px}\n\n\n    \n    \n\n  <\/style>\n    <\/div>\n  \n<div class=\"row row-divided\"  id=\"row-636959400\">\n\n\n\t<div id=\"col-1246430724\" class=\"col medium-4 small-12 large-4\"  data-animate=\"fadeInUp\">\n\t\t\t\t<div class=\"col-inner text-center\"  >\n\t\t\t\n\t\t\t\n\n\n\t\t<div class=\"icon-box featured-box icon-box-center text-center\"  style=\"margin:px px px px;\">\n\t\t\t\t\t<div class=\"icon-box-img has-icon-bg\" style=\"width: 70px\">\n\t\t\t\t<div class=\"icon\">\n\t\t\t\t\t<div class=\"icon-inner\" style=\"border-width:2px;\">\n\t\t\t\t\t\t<img loading=\"lazy\" decoding=\"async\" width=\"120\" height=\"120\" src=\"https:\/\/i0.wp.com\/www.digestivolarice.it\/wp-content\/uploads\/2020\/06\/free.png?fit=120%2C120&amp;ssl=1\" class=\"attachment-medium size-medium\" alt=\"\" srcset=\"https:\/\/i0.wp.com\/www.digestivolarice.it\/wp-content\/uploads\/2020\/06\/free.png?w=120&amp;ssl=1 120w, https:\/\/i0.wp.com\/www.digestivolarice.it\/wp-content\/uploads\/2020\/06\/free.png?resize=100%2C100&amp;ssl=1 100w\" sizes=\"auto, (max-width: 120px) 100vw, 120px\" \/>\t\t\t\t\t<\/div>\n\t\t\t\t<\/div>\n\t\t\t<\/div>\n\t\t\t\t<div class=\"icon-box-text last-reset\">\n\t\t\t\t\t\t\t\t\t\n\n<h3>Livraison gratuite<br \/>avec un montant minimum de 100 \u20ac<\/h3>\n\n\t\t<\/div>\n\t<\/div>\n\t\n\t\n\n\t\t<\/div>\n\t\t\t\t\t<\/div>\n\n\t\n\n\t<div id=\"col-627634736\" class=\"col medium-4 small-12 large-4\"  data-animate=\"fadeInUp\">\n\t\t\t\t<div class=\"col-inner text-center\"  >\n\t\t\t\n\t\t\t\n\n\n\t\t<div class=\"icon-box featured-box icon-box-center text-center\"  style=\"margin:px px px px;\">\n\t\t\t\t\t<div class=\"icon-box-img has-icon-bg\" style=\"width: 70px\">\n\t\t\t\t<div class=\"icon\">\n\t\t\t\t\t<div class=\"icon-inner\" style=\"border-width:3px;\">\n\t\t\t\t\t\t<img loading=\"lazy\" decoding=\"async\" width=\"120\" height=\"120\" src=\"https:\/\/i0.wp.com\/www.digestivolarice.it\/wp-content\/uploads\/2020\/06\/regalo.png?fit=120%2C120&amp;ssl=1\" class=\"attachment-medium size-medium\" alt=\"\" srcset=\"https:\/\/i0.wp.com\/www.digestivolarice.it\/wp-content\/uploads\/2020\/06\/regalo.png?w=120&amp;ssl=1 120w, https:\/\/i0.wp.com\/www.digestivolarice.it\/wp-content\/uploads\/2020\/06\/regalo.png?resize=100%2C100&amp;ssl=1 100w\" sizes=\"auto, (max-width: 120px) 100vw, 120px\" \/>\t\t\t\t\t<\/div>\n\t\t\t\t<\/div>\n\t\t\t<\/div>\n\t\t\t\t<div class=\"icon-box-text last-reset\">\n\t\t\t\t\t\t\t\t\t\n\n<h3>L&rsquo;id\u00e9e originale d&rsquo;un cadeau<\/h3>\n\n\t\t<\/div>\n\t<\/div>\n\t\n\t\n\n\t\t<\/div>\n\t\t\t\t\t<\/div>\n\n\t\n\n\t<div id=\"col-698084132\" class=\"col medium-4 small-12 large-4\"  data-animate=\"fadeInUp\">\n\t\t\t\t<div class=\"col-inner text-center\"  >\n\t\t\t\n\t\t\t\n\n\n\t\t<div class=\"icon-box featured-box icon-box-center text-center\"  style=\"margin:px px px px;\">\n\t\t\t\t\t<div class=\"icon-box-img has-icon-bg\" style=\"width: 70px\">\n\t\t\t\t<div class=\"icon\">\n\t\t\t\t\t<div class=\"icon-inner\" style=\"border-width:3px;\">\n\t\t\t\t\t\t<img loading=\"lazy\" decoding=\"async\" width=\"120\" height=\"120\" src=\"https:\/\/i0.wp.com\/www.digestivolarice.it\/wp-content\/uploads\/2020\/06\/ramo-1.png?fit=120%2C120&amp;ssl=1\" class=\"attachment-medium size-medium\" alt=\"\" srcset=\"https:\/\/i0.wp.com\/www.digestivolarice.it\/wp-content\/uploads\/2020\/06\/ramo-1.png?w=120&amp;ssl=1 120w, https:\/\/i0.wp.com\/www.digestivolarice.it\/wp-content\/uploads\/2020\/06\/ramo-1.png?resize=100%2C100&amp;ssl=1 100w\" sizes=\"auto, (max-width: 120px) 100vw, 120px\" \/>\t\t\t\t\t<\/div>\n\t\t\t\t<\/div>\n\t\t\t<\/div>\n\t\t\t\t<div class=\"icon-box-text last-reset\">\n\t\t\t\t\t\t\t\t\t\n\n<div class=\"et_pb_module et_pb_text et_pb_text_0et_pb_text_align_center et_pb_bg_layout_light\">\n<div class=\"et_pb_text_inner\">\n<h3>Achetez et d\u00e9gustez directement sur le territoire<\/h3>\n<\/div>\n<\/div>\n\n\t\t<\/div>\n\t<\/div>\n\t\n\t\n\n\t\t<\/div>\n\t\t\t\t\t<\/div>\n\n\t\n\n<\/div>\n\n\t\t<\/div>\n\n\t\t\n<style>\n#section_32033049 {\n  padding-top: 30px;\n  padding-bottom: 30px;\n}\n#section_32033049 .section-bg.bg-loaded {\n  background-image: url(https:\/\/www.digestivolarice.it\/wp-content\/uploads\/2020\/07\/larice-sfondo.jpg);\n}\n#section_32033049 .section-bg {\n  background-position: 9% 70%;\n}\n<\/style>\n\t<\/section>\n\t\n<div class=\"container section-title-container\" style=\"margin-top:10px;\"><h3 class=\"section-title section-title-bold-center\"><b><\/b><span class=\"section-title-main\" >Shop Now<\/span><b><\/b><\/h3><\/div>\n\n<div class=\"row align-bottom align-center\"  id=\"row-1948967473\">\n\n\n\t<div id=\"col-445415833\" class=\"col medium-3 small-6 large-3\"  >\n\t\t\t\t<div class=\"col-inner\"  >\n\t\t\t\n\t\t\t\n\n\t\n  \n    <div class=\"row large-columns-1 medium-columns- small-columns- row-small\" >\n  \n\t     <div class=\"product-small col has-hover product type-product post-964 status-publish first instock product_cat-digestif has-post-thumbnail taxable shipping-taxable purchasable product-type-simple\">\n\t<div class=\"col-inner\">\n\t\n<div class=\"badge-container absolute left top z-1\">\n\n<\/div>\n\t<div class=\"product-small box \">\n\t\t<div class=\"box-image\">\n\t\t\t<div class=\"image-fade_in_back\">\n\t\t\t\t<a href=\"https:\/\/www.digestivolarice.it\/fr\/bouteille-vit\/\" aria-label=\"Bouteille 700 ml &quot;Vit&quot;\">\n\t\t\t\t\t<img loading=\"lazy\" decoding=\"async\" width=\"246\" height=\"720\" src=\"https:\/\/i0.wp.com\/www.digestivolarice.it\/wp-content\/uploads\/2020\/05\/larice-bottiglia-vit.jpg?fit=246%2C720&amp;ssl=1\" class=\"attachment-woocommerce_thumbnail size-woocommerce_thumbnail\" alt=\"Bouteille 700 ml &quot;Vit&quot;\" \/>\t\t\t\t<\/a>\n\t\t\t<\/div>\n\t\t\t<div class=\"image-tools is-small top right show-on-hover\">\n\t\t\t\t\t\t\t<\/div>\n\t\t\t<div class=\"image-tools is-small hide-for-small bottom left show-on-hover\">\n\t\t\t\t\t\t\t<\/div>\n\t\t\t<div class=\"image-tools grid-tools text-center hide-for-small bottom hover-slide-in show-on-hover\">\n\t\t\t\t\t\t\t<\/div>\n\t\t\t\t\t<\/div>\n\n\t\t<div class=\"box-text box-text-products text-center grid-style-2\">\n\t\t\t<div class=\"title-wrapper\"><p class=\"name product-title woocommerce-loop-product__title\"><a href=\"https:\/\/www.digestivolarice.it\/fr\/bouteille-vit\/\" class=\"woocommerce-LoopProduct-link woocommerce-loop-product__link\">Bouteille 700 ml \u00ab\u00a0Vit\u00a0\u00bb<\/a><\/p><\/div><div class=\"price-wrapper\">\n\t<span class=\"price\"><span class=\"woocommerce-Price-amount amount\"><bdi>30,00&nbsp;<span class=\"woocommerce-Price-currencySymbol\">&euro;<\/span><\/bdi><\/span><\/span>\n<\/div><div class=\"add-to-cart-button\"><a href=\"\/fr\/wp-json\/wp\/v2\/pages\/945?add-to-cart=964\" aria-describedby=\"woocommerce_loop_add_to_cart_link_describedby_964\" data-quantity=\"1\" class=\"primary is-small mb-0 button product_type_simple add_to_cart_button ajax_add_to_cart is-outline\" data-product_id=\"964\" data-product_sku=\"\" aria-label=\"Ajouter au panier\u00a0: &ldquo;Bouteille 700 ml &quot;Vit&quot;&rdquo;\" rel=\"nofollow\" data-success_message=\"\u00ab\u00a0Bouteille 700 ml &quot;Vit&quot;\u00a0\u00bb a \u00e9t\u00e9 ajout\u00e9 \u00e0 votre panier\" role=\"button\">Ajouter au panier<\/a><\/div>\t<span id=\"woocommerce_loop_add_to_cart_link_describedby_964\" class=\"screen-reader-text\">\n\t\t\t<\/span>\n\t\t<\/div>\n\t<\/div>\n\t<span class=\"gtm4wp_productdata\" style=\"display:none; visibility:hidden;\" data-gtm4wp_product_data=\"{&quot;internal_id&quot;:964,&quot;item_id&quot;:964,&quot;item_name&quot;:&quot;Bouteille 700 ml \\&quot;Vit\\&quot;&quot;,&quot;sku&quot;:964,&quot;price&quot;:30,&quot;stocklevel&quot;:100,&quot;stockstatus&quot;:&quot;instock&quot;,&quot;google_business_vertical&quot;:&quot;retail&quot;,&quot;item_category&quot;:&quot;Digestif&quot;,&quot;id&quot;:964,&quot;productlink&quot;:&quot;https:\\\/\\\/www.digestivolarice.it\\\/fr\\\/bouteille-vit\\\/&quot;,&quot;item_list_name&quot;:&quot;Liste g\\u00e9n\\u00e9rale des produits&quot;,&quot;index&quot;:1,&quot;product_type&quot;:&quot;simple&quot;,&quot;item_brand&quot;:&quot;&quot;}\"><\/span>\t<\/div>\n<\/div><\/div>\n\n\n\t\t<\/div>\n\t\t\t\t\n<style>\n#col-445415833 > .col-inner {\n  max-width: 246px;\n}\n<\/style>\n\t<\/div>\n\n\t\n\n\t<div id=\"col-530143104\" class=\"col medium-3 small-6 large-3\"  >\n\t\t\t\t<div class=\"col-inner\"  >\n\t\t\t\n\t\t\t\n\n\t\n  \n    <div class=\"row large-columns-1 medium-columns- small-columns- row-small\" >\n  \n\t     <div class=\"product-small col has-hover out-of-stock product type-product post-966 status-publish outofstock product_cat-digestif has-post-thumbnail taxable shipping-taxable purchasable product-type-simple\">\n\t<div class=\"col-inner\">\n\t\n<div class=\"badge-container absolute left top z-1\">\n\n<\/div>\n\t<div class=\"product-small box \">\n\t\t<div class=\"box-image\">\n\t\t\t<div class=\"image-fade_in_back\">\n\t\t\t\t<a href=\"https:\/\/www.digestivolarice.it\/fr\/bouteille-lei\/\" aria-label=\"Bouteille 500 ml &quot;Lei&quot;\">\n\t\t\t\t\t<img loading=\"lazy\" decoding=\"async\" width=\"246\" height=\"720\" src=\"https:\/\/i0.wp.com\/www.digestivolarice.it\/wp-content\/uploads\/2020\/05\/larice-bottiglia-originale.jpg?fit=246%2C720&amp;ssl=1\" class=\"attachment-woocommerce_thumbnail size-woocommerce_thumbnail\" alt=\"Bouteille 500 ml &quot;Lei&quot;\" \/>\t\t\t\t<\/a>\n\t\t\t<\/div>\n\t\t\t<div class=\"image-tools is-small top right show-on-hover\">\n\t\t\t\t\t\t\t<\/div>\n\t\t\t<div class=\"image-tools is-small hide-for-small bottom left show-on-hover\">\n\t\t\t\t\t\t\t<\/div>\n\t\t\t<div class=\"image-tools grid-tools text-center hide-for-small bottom hover-slide-in show-on-hover\">\n\t\t\t\t\t\t\t<\/div>\n\t\t\t<div class=\"out-of-stock-label\">Rupture de stock<\/div>\t\t<\/div>\n\n\t\t<div class=\"box-text box-text-products text-center grid-style-2\">\n\t\t\t<div class=\"title-wrapper\"><p class=\"name product-title woocommerce-loop-product__title\"><a href=\"https:\/\/www.digestivolarice.it\/fr\/bouteille-lei\/\" class=\"woocommerce-LoopProduct-link woocommerce-loop-product__link\">Bouteille 500 ml \u00ab\u00a0Lei\u00a0\u00bb<\/a><\/p><\/div><div class=\"price-wrapper\">\n\t<span class=\"price\"><span class=\"woocommerce-Price-amount amount\"><bdi>35,00&nbsp;<span class=\"woocommerce-Price-currencySymbol\">&euro;<\/span><\/bdi><\/span><\/span>\n<\/div><div class=\"add-to-cart-button\"><a href=\"https:\/\/www.digestivolarice.it\/fr\/bouteille-lei\/\" aria-describedby=\"woocommerce_loop_add_to_cart_link_describedby_966\" data-quantity=\"1\" class=\"primary is-small mb-0 button product_type_simple is-outline\" data-product_id=\"966\" data-product_sku=\"\" aria-label=\"En savoir plus sur &ldquo;Bouteille 500 ml &quot;Lei&quot;&rdquo;\" rel=\"nofollow\" data-success_message=\"\">Lire la suite<\/a><\/div>\t<span id=\"woocommerce_loop_add_to_cart_link_describedby_966\" class=\"screen-reader-text\">\n\t\t\t<\/span>\n\t\t<\/div>\n\t<\/div>\n\t<span class=\"gtm4wp_productdata\" style=\"display:none; visibility:hidden;\" data-gtm4wp_product_data=\"{&quot;internal_id&quot;:966,&quot;item_id&quot;:966,&quot;item_name&quot;:&quot;Bouteille 500 ml \\&quot;Lei\\&quot;&quot;,&quot;sku&quot;:966,&quot;price&quot;:35,&quot;stocklevel&quot;:-2,&quot;stockstatus&quot;:&quot;outofstock&quot;,&quot;google_business_vertical&quot;:&quot;retail&quot;,&quot;item_category&quot;:&quot;Digestif&quot;,&quot;id&quot;:966,&quot;productlink&quot;:&quot;https:\\\/\\\/www.digestivolarice.it\\\/fr\\\/bouteille-lei\\\/&quot;,&quot;item_list_name&quot;:&quot;Liste g\\u00e9n\\u00e9rale des produits&quot;,&quot;index&quot;:2,&quot;product_type&quot;:&quot;simple&quot;,&quot;item_brand&quot;:&quot;&quot;}\"><\/span>\t<\/div>\n<\/div><\/div>\n\n\n\t\t<\/div>\n\t\t\t\t\n<style>\n#col-530143104 > .col-inner {\n  max-width: 246px;\n}\n<\/style>\n\t<\/div>\n\n\t\n\n\t<div id=\"col-115447651\" class=\"col medium-3 small-6 large-3\"  >\n\t\t\t\t<div class=\"col-inner\"  >\n\t\t\t\n\t\t\t\n\n\t\n  \n    <div class=\"row large-columns-1 medium-columns- small-columns- row-small\" >\n  \n\t     <\/div>\n\n\n\t\t<\/div>\n\t\t\t\t\n<style>\n#col-115447651 > .col-inner {\n  max-width: 246px;\n}\n<\/style>\n\t<\/div>\n\n\t\n\n\t<div id=\"col-313375455\" class=\"col medium-3 small-6 large-3\"  >\n\t\t\t\t<div class=\"col-inner\"  >\n\t\t\t\n\t\t\t\n\n\t\n  \n    <div class=\"row large-columns-1 medium-columns- small-columns- row-small\" >\n  \n\t     <\/div>\n\n\n\t\t<\/div>\n\t\t\t\t\n<style>\n#col-313375455 > .col-inner {\n  max-width: 246px;\n}\n<\/style>\n\t<\/div>\n\n\t\n\n<\/div>\n<div class=\"container section-title-container\" style=\"margin-top:10px;\"><h3 class=\"section-title section-title-bold-center\"><b><\/b><span class=\"section-title-main\" style=\"font-size:undefined%;\">Follow us on Instagram<\/span><b><\/b><\/h3><\/div>\n\nError validating access token: The session has been invalidated because the user changed their password or Facebook has changed the session for security reasons.\n\n\n","protected":false},"excerpt":{"rendered":"","protected":false},"author":1,"featured_media":0,"parent":0,"menu_order":1,"comment_status":"closed","ping_status":"closed","template":"page-blank.php","meta":{"footnotes":""},"class_list":["post-945","page","type-page","status-publish","hentry"],"jetpack_sharing_enabled":true,"_links":{"self":[{"href":"https:\/\/www.digestivolarice.it\/fr\/wp-json\/wp\/v2\/pages\/945","targetHints":{"allow":["GET"]}}],"collection":[{"href":"https:\/\/www.digestivolarice.it\/fr\/wp-json\/wp\/v2\/pages"}],"about":[{"href":"https:\/\/www.digestivolarice.it\/fr\/wp-json\/wp\/v2\/types\/page"}],"author":[{"embeddable":true,"href":"https:\/\/www.digestivolarice.it\/fr\/wp-json\/wp\/v2\/users\/1"}],"replies":[{"embeddable":true,"href":"https:\/\/www.digestivolarice.it\/fr\/wp-json\/wp\/v2\/comments?post=945"}],"version-history":[{"count":4,"href":"https:\/\/www.digestivolarice.it\/fr\/wp-json\/wp\/v2\/pages\/945\/revisions"}],"predecessor-version":[{"id":1162,"href":"https:\/\/www.digestivolarice.it\/fr\/wp-json\/wp\/v2\/pages\/945\/revisions\/1162"}],"wp:attachment":[{"href":"https:\/\/www.digestivolarice.it\/fr\/wp-json\/wp\/v2\/media?parent=945"}],"curies":[{"name":"wp","href":"https:\/\/api.w.org\/{rel}","templated":true}]}}