{"id":980,"date":"2020-06-19T13:24:24","date_gmt":"2020-06-19T13:24:24","guid":{"rendered":"https:\/\/www.digestivolarice.it\/analisi\/"},"modified":"2020-07-10T18:35:50","modified_gmt":"2020-07-10T18:35:50","slug":"analyses","status":"publish","type":"page","link":"https:\/\/www.digestivolarice.it\/fr\/analyses\/","title":{"rendered":"Synth\u00e8se des analyses effectu\u00e9es"},"content":{"rendered":"\n  <div id=\"page-header-1940151032\" class=\"page-header-wrapper\">\n  <div class=\"page-title light divided-title\">\n\n    \n    <div class=\"page-title-inner container align-center text-center flex-row-col medium-flex-wrap\" >\n              <div class=\"title-wrapper flex-col\">\n          <h1 class=\"entry-title mb-0\">\n            Synth\u00e8se des analyses effectu\u00e9es          <\/h1>\n        <\/div>\n                    <div class=\"title-content flex-col\">\n        <ul class=\"nav sm-touch-scroll nav-line nav-uppercase text-center nav-center\"><li class=\"nav-single-page hidden\"><\/li><\/ul>      <\/div>\n    <\/div>\n\n       <\/div>\n  <div class=\"container header-wrapper-divider\"><hr\/><\/div>  <\/div>\n  \n\n<div class=\"row\"  id=\"row-150453777\">\n\n\n\t<div id=\"col-1356472337\" class=\"col medium-3 small-12 large-3\"  >\n\t\t\t\t<div class=\"col-inner\"  >\n\t\t\t\n\t\t\t\n\n\t<div class=\"img has-hover x md-x lg-x y md-y lg-y\" id=\"image_1849154764\">\n\t\t\t\t\t\t\t\t<div class=\"img-inner dark\" >\n\t\t\t<img loading=\"lazy\" decoding=\"async\" width=\"330\" height=\"579\" src=\"https:\/\/i0.wp.com\/www.digestivolarice.it\/wp-content\/uploads\/2020\/07\/microscopio.jpg?fit=330%2C579&amp;ssl=1\" class=\"attachment-large size-large\" alt=\"\" srcset=\"https:\/\/i0.wp.com\/www.digestivolarice.it\/wp-content\/uploads\/2020\/07\/microscopio.jpg?w=330&amp;ssl=1 330w, https:\/\/i0.wp.com\/www.digestivolarice.it\/wp-content\/uploads\/2020\/07\/microscopio.jpg?resize=246%2C432&amp;ssl=1 246w, https:\/\/i0.wp.com\/www.digestivolarice.it\/wp-content\/uploads\/2020\/07\/microscopio.jpg?resize=228%2C400&amp;ssl=1 228w\" sizes=\"auto, (max-width: 330px) 100vw, 330px\" \/>\t\t\t\t\t\t\n\t\t\t\t\t<\/div>\n\t\t\t\t\t\t\t\t\n<style>\n#image_1849154764 {\n  width: 100%;\n}\n<\/style>\n\t<\/div>\n\t\n\n\n\t\t<\/div>\n\t\t\t\t\t<\/div>\n\n\t\n\n\t<div id=\"col-556633744\" class=\"col medium-9 small-12 large-9\"  >\n\t\t\t\t<div class=\"col-inner\"  >\n\t\t\t\n\t\t\t\n\n<p>Les donn\u00e9es que nous avons obtenues permettent de certifier le contenu de la liqueur appartenant effectivement \u00e0 l\u2019esp\u00e8ce <em>Larix decidua<\/em>.<\/p>\n<p>La liqueur est caract\u00e9ris\u00e9e par un ar\u00f4me typique de l\u2019essence dont elle est extraite et contient des notes sp\u00e9cifiques des compos\u00e9s \u03b1-pin\u00e8ne, \u03b2-pin\u00e8ne.<\/p>\n<p>Le\u00a0pin\u00e8ne est un compos\u00e9 organique pr\u00e9sent dans les conif\u00e8res et il doit son nom au pin. Ses isom\u00e8res \u03b1-pin\u00e8ne et \u03b2-pin\u00e8ne sont utilis\u00e9s dans la production de bonbons balsamiques et dans les inhalations. Tr\u00e8s volatile, le pin\u00e8ne d\u00e9livre un ar\u00f4me balsamique agr\u00e9able.<\/p>\n<p>La liqueur n\u2019est pas du tout toxique.<\/p>\n<p>La teneur en m\u00e9thanol examin\u00e9e par chromatographie en phase gazeuse alli\u00e9e \u00e0 un d\u00e9tecteur \u00e0 ionisation de flamme indique une pr\u00e9sence dans les limites autoris\u00e9es par la loi (valeur = 0,08 ppm).<\/p>\n<p><strong>Prof. Dr. Massimo Maffei<\/strong><em><br \/>Le Responsable de l\u2019Unit\u00e9 de Physiologie v\u00e9g\u00e9tale<\/em><\/p>\n<p><strong>Dr. Simone Bossi, PhD<\/strong><br \/><em>Le Responsable technique<\/em><\/p>\n\n\t\t<\/div>\n\t\t\t\t\t<\/div>\n\n\t\n\n<\/div>\n\n","protected":false},"excerpt":{"rendered":"","protected":false},"author":1,"featured_media":0,"parent":0,"menu_order":10,"comment_status":"closed","ping_status":"closed","template":"","meta":{"footnotes":""},"class_list":["post-980","page","type-page","status-publish","hentry"],"jetpack_sharing_enabled":true,"_links":{"self":[{"href":"https:\/\/www.digestivolarice.it\/fr\/wp-json\/wp\/v2\/pages\/980","targetHints":{"allow":["GET"]}}],"collection":[{"href":"https:\/\/www.digestivolarice.it\/fr\/wp-json\/wp\/v2\/pages"}],"about":[{"href":"https:\/\/www.digestivolarice.it\/fr\/wp-json\/wp\/v2\/types\/page"}],"author":[{"embeddable":true,"href":"https:\/\/www.digestivolarice.it\/fr\/wp-json\/wp\/v2\/users\/1"}],"replies":[{"embeddable":true,"href":"https:\/\/www.digestivolarice.it\/fr\/wp-json\/wp\/v2\/comments?post=980"}],"version-history":[{"count":2,"href":"https:\/\/www.digestivolarice.it\/fr\/wp-json\/wp\/v2\/pages\/980\/revisions"}],"predecessor-version":[{"id":982,"href":"https:\/\/www.digestivolarice.it\/fr\/wp-json\/wp\/v2\/pages\/980\/revisions\/982"}],"wp:attachment":[{"href":"https:\/\/www.digestivolarice.it\/fr\/wp-json\/wp\/v2\/media?parent=980"}],"curies":[{"name":"wp","href":"https:\/\/api.w.org\/{rel}","templated":true}]}}