{"id":966,"date":"2023-09-27T11:29:08","date_gmt":"2020-05-22T11:29:08","guid":{"rendered":"https:\/\/www.digestivolarice.it\/shop\/bouteille-original\/"},"modified":"2020-12-04T00:00:03","modified_gmt":"2020-12-03T22:00:03","slug":"bouteille-lei","status":"publish","type":"product","link":"https:\/\/www.digestivolarice.it\/fr\/bouteille-lei\/","title":{"rendered":"Bouteille 500 ml \u00ab\u00a0Lei\u00a0\u00bb"},"content":{"rendered":"","protected":false},"excerpt":{"rendered":"<p>R\u00e9servations pour production 2020\/2021<br \/>\nLe paiement est valable comme confirmation de la r\u00e9servation<br \/>\nLes bouteilles seront livr\u00e9es \u00e0 partir du 8 d\u00e9cembre<\/p>\n","protected":false},"featured_media":967,"template":"","meta":[],"product_brand":[],"product_cat":[91],"product_tag":[],"class_list":{"0":"post-966","1":"product","2":"type-product","3":"status-publish","4":"has-post-thumbnail","6":"product_cat-digestif","8":"first","9":"outofstock","10":"taxable","11":"shipping-taxable","12":"purchasable","13":"product-type-simple"},"jetpack_sharing_enabled":true,"_links":{"self":[{"href":"https:\/\/www.digestivolarice.it\/fr\/wp-json\/wp\/v2\/product\/966","targetHints":{"allow":["GET"]}}],"collection":[{"href":"https:\/\/www.digestivolarice.it\/fr\/wp-json\/wp\/v2\/product"}],"about":[{"href":"https:\/\/www.digestivolarice.it\/fr\/wp-json\/wp\/v2\/types\/product"}],"wp:featuredmedia":[{"embeddable":true,"href":"https:\/\/www.digestivolarice.it\/fr\/wp-json\/wp\/v2\/media\/967"}],"wp:attachment":[{"href":"https:\/\/www.digestivolarice.it\/fr\/wp-json\/wp\/v2\/media?parent=966"}],"wp:term":[{"taxonomy":"product_brand","embeddable":true,"href":"https:\/\/www.digestivolarice.it\/fr\/wp-json\/wp\/v2\/product_brand?post=966"},{"taxonomy":"product_cat","embeddable":true,"href":"https:\/\/www.digestivolarice.it\/fr\/wp-json\/wp\/v2\/product_cat?post=966"},{"taxonomy":"product_tag","embeddable":true,"href":"https:\/\/www.digestivolarice.it\/fr\/wp-json\/wp\/v2\/product_tag?post=966"}],"curies":[{"name":"wp","href":"https:\/\/api.w.org\/{rel}","templated":true}]}}